{"id":828,"date":"2024-10-24T11:25:21","date_gmt":"2024-10-24T11:25:21","guid":{"rendered":"https:\/\/www.daf-berlin.com\/?page_id=828"},"modified":"2024-10-24T11:26:58","modified_gmt":"2024-10-24T11:26:58","slug":"umweltpolitik","status":"publish","type":"page","link":"https:\/\/www.daf-berlin.com\/?page_id=828","title":{"rendered":"Umweltpolitik"},"content":{"rendered":"\n<p><\/p>\n\n\n\n<p class=\"has-text-align-center\"><strong>Umweltpolitik der DAF Berlin GmbH<\/strong><\/p>\n\n\n\n<p>Die Grundlage unser aller Existenz ist unsere Umwelt. Das gemeinsame Sch\u00fctzen von Land, Wasser und Luft zur Sicherung unseres Fortbestandes und des der Lebewesen unserer Erde sichert gleichzeitig auch eine positive Zukunft f\u00fcr unser Unternehmen und unsere Arbeitspl\u00e4tze.<\/p>\n\n\n\n<p>Um nur beste Ergebnisse zu erzielen und die Umwelt zu sch\u00fctzen, sind bei uns zweckm\u00e4\u00dfige Systeme eingebaut worden, die durch unsere geschulten Mitarbeiter optimal genutzt werden. Wir verwenden die neueste Technik, die so wenig Energie wie m\u00f6glich verbraucht, dabei aber volle Leistung bringt.<\/p>\n\n\n\n<p>Unsere Abl\u00e4ufe sind so koordiniert, dass Auswirkungen auf die Umwelt auf ein Mini\u00admum reduziert werden k\u00f6nnen.<\/p>\n\n\n\n<p>Durch eine sorgf\u00e4ltige Lieferantenauswahl sorgen wir f\u00fcr die Nutzung umweltvertr\u00e4g\u00adlicher Arbeitsmittel. Unsere t\u00e4gliche Arbeit ist durch eine gr\u00f6\u00dftm\u00f6gliche Abfallver\u00admeidung gekennzeichnet. Der entstehende Abfall wird konsequent getrennt und nur durch zertifizierte Fachunternehmen entsorgt.<\/p>\n\n\n\n<p>Auch im Sinne der Kundenorientierung sorgen wir f\u00fcr die st\u00e4ndige Anpassung und Kontrolle unserer Abwicklungsprozesse und Energiekostensituation an die jeweiligen Gesetze und Verordnungen.<\/p>\n\n\n\n<p>Alle Mitarbeiter mit und ohne F\u00fchrungsverantwortung sind aufgefordert, die folgenden Umweltqualit\u00e4tsgrunds\u00e4tze anzuwenden:<\/p>\n\n\n\n<ul>\n<li>Wir pflegen ein allgemeines Bewusstsein im Unternehmen, dass Umweltschutz eine gesellschaftliche Verantwortung des Unternehmens und eines jeden Mitarbeiters ist.<\/li>\n\n\n\n<li>Wir suchen die Zusammenarbeit mit den zust\u00e4ndigen Umweltschutzbeh\u00f6rden, um die volle Umsetzung der rechtlichen Anforderungen an den Umweltschutz in unserem Unternehmen sicherzustellen.<\/li>\n\n\n\n<li>Wir wollen durch ein gelebtes Umweltmanagementsystem einen kontinuierlichen Verbesserungsproze\u00df einleiten und aufrechterhalten und an der Weiterentwicklung und Realisierung der DAF-uns <em>Paccar<\/em>&#8211; Umweltstandards teilhaben.<\/li>\n\n\n\n<li>Wir praktizieren die kontinuierliche \u00dcberwachung, Bewertung und Verbesserung unserer Umweltauswirkungen, insbesondere in den Bereichen Ressourcenverbrauch und Abfallwirtschaft.<\/li>\n\n\n\n<li>Wir beachten die Umweltschutzbelange bei unseren Beschaffungsvorg\u00e4ngen.<\/li>\n\n\n\n<li>Wir verstehen Umweltschutz und Arbeitssicherheit als Teil unserer Qualit\u00e4tsorientierung und als M\u00f6glichkeit zur Kostenminderung.<\/li>\n\n\n\n<li>Wir betreiben Umweltmanagement nach ISO 14001 integriert im Rahmen unseres Qualit\u00e4tsmanagementsystems nach DIN EN ISO <em>9001<\/em>.<\/li>\n\n\n\n<li>Wir nutzen den Wert unserer Umweltleistungen f\u00fcr Werbezwecke in \u00dcbereinstimmung mit den Grunds\u00e4tzen unserer Unternehmenspolitik.<\/li>\n<\/ul>\n","protected":false},"excerpt":{"rendered":"<p>Umweltpolitik der DAF Berlin GmbH Die Grundlage unser aller Existenz ist unsere Umwelt. Das gemeinsame Sch\u00fctzen von Land, Wasser und Luft zur Sicherung unseres Fortbestandes und des der Lebewesen unserer Erde sichert gleichzeitig auch eine positive Zukunft f\u00fcr unser Unternehmen und unsere Arbeitspl\u00e4tze. Um nur beste Ergebnisse zu erzielen und die Umwelt zu sch\u00fctzen, sind &hellip; <\/p>\n<p class=\"link-more\"><a href=\"https:\/\/www.daf-berlin.com\/?page_id=828\" class=\"more-link\"><span class=\"screen-reader-text\">\u201eUmweltpolitik\u201c<\/span> weiterlesen<\/a><\/p>\n","protected":false},"author":1,"featured_media":0,"parent":0,"menu_order":0,"comment_status":"closed","ping_status":"closed","template":"","meta":{"footnotes":""},"_links":{"self":[{"href":"https:\/\/www.daf-berlin.com\/index.php?rest_route=\/wp\/v2\/pages\/828"}],"collection":[{"href":"https:\/\/www.daf-berlin.com\/index.php?rest_route=\/wp\/v2\/pages"}],"about":[{"href":"https:\/\/www.daf-berlin.com\/index.php?rest_route=\/wp\/v2\/types\/page"}],"author":[{"embeddable":true,"href":"https:\/\/www.daf-berlin.com\/index.php?rest_route=\/wp\/v2\/users\/1"}],"replies":[{"embeddable":true,"href":"https:\/\/www.daf-berlin.com\/index.php?rest_route=%2Fwp%2Fv2%2Fcomments&post=828"}],"version-history":[{"count":2,"href":"https:\/\/www.daf-berlin.com\/index.php?rest_route=\/wp\/v2\/pages\/828\/revisions"}],"predecessor-version":[{"id":831,"href":"https:\/\/www.daf-berlin.com\/index.php?rest_route=\/wp\/v2\/pages\/828\/revisions\/831"}],"wp:attachment":[{"href":"https:\/\/www.daf-berlin.com\/index.php?rest_route=%2Fwp%2Fv2%2Fmedia&parent=828"}],"curies":[{"name":"wp","href":"https:\/\/api.w.org\/{rel}","templated":true}]}}