{"id":821,"date":"2024-10-24T11:12:52","date_gmt":"2024-10-24T11:12:52","guid":{"rendered":"https:\/\/www.daf-berlin.com\/?page_id=821"},"modified":"2024-10-24T11:28:27","modified_gmt":"2024-10-24T11:28:27","slug":"qualitaetspolitikder-daf-berlin-gmbh","status":"publish","type":"page","link":"https:\/\/www.daf-berlin.com\/?page_id=821","title":{"rendered":"Qualit\u00e4tspolitik"},"content":{"rendered":"\n<p><\/p>\n\n\n\n<p class=\"has-text-align-center\"><strong>Qualit\u00e4tspolitik der DAF Berlin GmbH<\/strong><\/p>\n\n\n\n<p>Die Grundlage unser aller Existenz ist das gemeinsame Erwirtschaften von Gewinnen zur Sicherung des Fortbestands unseres Unternehmens und unserer Arbeitspl\u00e4tze.<\/p>\n\n\n\n<p>Die Ums\u00e4tze, die wir mit unseren aktuellen Dienstleistungen erwirtschaften, sind marktabh\u00e4ngig. Somit ist die jeweilige Umsatzsituation ein Spiegel daf\u00fcr, ob wir unseren Kunden die aktuell ben\u00f6tigte Dienstleistung anbieten und ob diese mit unserer Leistung zufrieden sind.<\/p>\n\n\n\n<p>Die Effektivit\u00e4t unserer Dienstleistung wird durch das Betriebsergebnis bewertet. Dazu bedarf es einer st\u00e4ndigen Anpassung unserer Abwicklungsprozesse und Kostensituation an die jeweilige Marktsituation.<\/p>\n\n\n\n<p>Hierbei ist es unser Ziel, die Erwartungen des Marktes in unserem H\u00e4ndlergebiet zu erfassen, zu verstehen und diese Anforderungen in Arbeitsabl\u00e4ufe und Kostenverhalten umzusetzen.<\/p>\n\n\n\n<p>Alle Mitarbeiter mit und ohne F\u00fchrungsverantwortung sind aufgefordert, die folgenden Qualit\u00e4tsgrunds\u00e4tze anzuwenden:<\/p>\n\n\n\n<ul>\n<li>Wir wollen durch klare Zuordnung von Verantwortung und Befugnis an unsere Mitarbeiter Vers\u00e4umnisse und Doppelarbeit vermeiden.<\/li>\n\n\n\n<li>Wir wollen in allen Betriebsbereichen gut durchorganisierte Arbeitsabl\u00e4ufe schaffen und bei Erfordernis optimieren.<\/li>\n\n\n\n<li>Als Informationslieferanten f\u00fcr unser Kostenstellen-System wollen wir helfen, Kosten effektiv zu senken.<\/li>\n\n\n\n<li>Als qualit\u00e4tsbewusste und motivierte Mitarbeiter wollen mit Garanten f\u00fcr die hochwertige Dienstleistung unseres Unternehmens sein.<\/li>\n\n\n\n<li>Bei der Erf\u00fcllung unserer betrieblichen Aufgaben beachten wir die Anforderungen aus Gesetzen und Verordnungen, die uns vorgegeben sind.<\/li>\n\n\n\n<li>Wir wollen durch ein gelebtes Qualit\u00e4tsmanagementsystem im Verbund der <em>europ\u00e4ischen DAF-H\u00e4ndler unter Steuerung der DAF Trucks N.V.<\/em> einen gemeinsamen kontinuierlichen Verbesserungsprozess einleiten und aufrechterhalten.<\/li>\n<\/ul>\n","protected":false},"excerpt":{"rendered":"<p>Qualit\u00e4tspolitik der DAF Berlin GmbH Die Grundlage unser aller Existenz ist das gemeinsame Erwirtschaften von Gewinnen zur Sicherung des Fortbestands unseres Unternehmens und unserer Arbeitspl\u00e4tze. Die Ums\u00e4tze, die wir mit unseren aktuellen Dienstleistungen erwirtschaften, sind marktabh\u00e4ngig. Somit ist die jeweilige Umsatzsituation ein Spiegel daf\u00fcr, ob wir unseren Kunden die aktuell ben\u00f6tigte Dienstleistung anbieten und ob &hellip; <\/p>\n<p class=\"link-more\"><a href=\"https:\/\/www.daf-berlin.com\/?page_id=821\" class=\"more-link\"><span class=\"screen-reader-text\">\u201eQualit\u00e4tspolitik\u201c<\/span> weiterlesen<\/a><\/p>\n","protected":false},"author":1,"featured_media":0,"parent":0,"menu_order":0,"comment_status":"closed","ping_status":"closed","template":"","meta":{"footnotes":""},"_links":{"self":[{"href":"https:\/\/www.daf-berlin.com\/index.php?rest_route=\/wp\/v2\/pages\/821"}],"collection":[{"href":"https:\/\/www.daf-berlin.com\/index.php?rest_route=\/wp\/v2\/pages"}],"about":[{"href":"https:\/\/www.daf-berlin.com\/index.php?rest_route=\/wp\/v2\/types\/page"}],"author":[{"embeddable":true,"href":"https:\/\/www.daf-berlin.com\/index.php?rest_route=\/wp\/v2\/users\/1"}],"replies":[{"embeddable":true,"href":"https:\/\/www.daf-berlin.com\/index.php?rest_route=%2Fwp%2Fv2%2Fcomments&post=821"}],"version-history":[{"count":4,"href":"https:\/\/www.daf-berlin.com\/index.php?rest_route=\/wp\/v2\/pages\/821\/revisions"}],"predecessor-version":[{"id":834,"href":"https:\/\/www.daf-berlin.com\/index.php?rest_route=\/wp\/v2\/pages\/821\/revisions\/834"}],"wp:attachment":[{"href":"https:\/\/www.daf-berlin.com\/index.php?rest_route=%2Fwp%2Fv2%2Fmedia&parent=821"}],"curies":[{"name":"wp","href":"https:\/\/api.w.org\/{rel}","templated":true}]}}